{"id":65,"date":"2019-11-27T14:46:44","date_gmt":"2019-11-27T14:46:44","guid":{"rendered":"https:\/\/borngraeber.com\/index.php\/mesmerize\/"},"modified":"2026-04-15T11:54:24","modified_gmt":"2026-04-15T11:54:24","slug":"front-page","status":"publish","type":"page","link":"https:\/\/borngraeber.com\/","title":{"rendered":"Borngr\u00e4ber GmbH"},"content":{"rendered":"<div  data-label=\"Content\" data-id=\"content--1\" data-export-id=\"content-12\" data-category=\"content\" class=\"content-12 content-section content-section-spacing\" id=\"content-14\" style=\"background-color: rgb(245, 250, 253);\"><div  class=\"gridContainer\"> <div  class=\"row text-center\"><div  class=\"section-title-col\" data-type=\"column\"> <h2  class=\"\">Hallo. Sch\u00f6n, dass Sie da sind!<\/h2> <p  class=\"lead\">Bei der Borngr\u00e4ber Solartechnik &amp; W\u00e4rmepumpen GmbH in Cottbus finden Sie alles, was modernes und umweltfreundliches Heizen und K\u00fchlen bedeutet. Von der kompakten Wohlf\u00fchlanlage f\u00fcr das Eigenheim, Solaranlagen an Schulen bis hin zu modernen B\u00e4dern. Wir begleiten Sie von der ersten Planung \u00fcber das Beantragen des F\u00f6rderantrages bis hin zur Inbetriebnahme Ihrer Anlage.\n<br ><br >Vor dem Hintergrund der \u00fcber 30-j\u00e4hrigen Erfahrung als regionales, handwerklich gepr\u00e4gtes Unternehmen sind wir heute ein Unternehmen, das Planung und Umsetzung unter dem Aspekt der Nachhaltigkeit und Ressourcenschonung betreibt, um zukunftsf\u00e4hige Anlagen individuell zu errichten.<br >St\u00f6bern Sie ein bisschen auf unseren Seiten und erfahren Sie mehr \u00fcber Solar-, W\u00e4rmepumpen- und Klimatechnik.<\/p><\/div> <\/div> <div  class=\"row center-xs middle-xs\"> <div  class=\"col-sm-9\" data-type=\"column\"> <\/div> <\/div><\/div> <\/div><div data-label=\"Cta\" data-id=\"cta--1\" data-export-id=\"cta-blue-section\" data-category=\"cta\" class=\"cta-blue-section content-section content-section-spacing-medium bg-color1 white-text\" id=\"cta-1\" ><div class=\"gridContainer\" > <div class=\"row middle-xs\" ><div class=\"col-sm-8 space-bottom-xs\" data-type=\"column\" > <h2 class=\"\" >WIR SUCHEN:\n<br >\n<span class=\"font-300\" >SHK-Monteur oder Meister\n<br >Vollzeit, m\/w\/d<\/span><\/h2> <\/div> <div class=\"col-sm-4 end-sm\" data-type=\"column\" > <h3 class=\"\" >jobs@borngraeber.com<\/h3><\/div> <\/div><\/div> <\/div><div  data-label=\"Clients\" data-id=\"clients--1\" data-export-id=\"clients-1\" data-category=\"clients\" class=\"clients-1 content-section content-section-spacing\" id=\"clients-1\" style=\"background-color: rgb(245, 250, 253);\"><div  class=\"gridContainer\"> <div  class=\"row middle-sm\"><div  data-type=\"column\" class=\"col-sm-6 space-bottom-xs\"> <h2  class=\"font-700\">Wir sind f\u00fcr Sie zu erreichen:<\/h2> <\/div> <div  class=\"col-sm-6\"><div  data-type=\"row\" class=\"row spaced-cols center-xs padding-lr\"> <div  class=\"col-xs-3 col-md-6\"> <a  data-cp-link=\"1\" href=\"https:\/\/borngraeber.com\/index.php\/kontakt\" class=\"\" target=\"_blank\" rel=\"noopener noreferrer\"><img decoding=\"async\"  src=\"https:\/\/borngraeber.com\/wp-content\/uploads\/2020\/01\/telefon.png\" class=\"desaturate\"><\/a><\/div> <div  class=\"col-xs-3 col-md-6\"> <a  data-cp-link=\"1\" href=\"https:\/\/borngraeber.com\/index.php\/kontakt\" class=\"\" target=\"_blank\" rel=\"noopener noreferrer\"><img decoding=\"async\"  src=\"https:\/\/borngraeber.com\/wp-content\/uploads\/2020\/01\/email.png\" class=\"desaturate\" alt=\"\" title=\"email\"><\/a><\/div>   <div  class=\"col-xs-3 col-md-6\"> <\/div><\/div><\/div> <\/div><\/div> <\/div><div  data-label=\"Features\" data-id=\"features--2\" data-export-id=\"features-12\" data-category=\"features\" class=\"features-12 content-section content-section-spacing \" id=\"features-5\" style=\"background-color: rgb(245, 250, 253);\"><div  class=\"gridContainer\"> <div  class=\"row text-center\"><div  class=\"section-title-col\" data-type=\"column\">  <\/div> <\/div> <div  class=\"row spaced-cols content-left-sm start-sm\" data-type=\"row\"> <div  class=\"col-sm-6 col-md-4 \"> <div  class=\"row space-bottom\"> <div  class=\"col-sm-fit icon-column\"> <a  data-cp-link=\"1\" href=\"#\" target=\"_self\" rel=\"noopener noreferrer\"><i  class=\"fa icon color2 fa-angle-double-right bordered round small\"><\/i><\/a> <\/div> <div  class=\"col-sm\" data-type=\"column\"> <h5  class=\"color2\">MONTAG BIS DONNERSTAG<\/h5> <p  class=\"\">10 Uhr bis 16 Uhr<\/p><\/div> <\/div><\/div> <div  class=\"col-sm-6 col-md-4 \"><div  class=\"row space-bottom\"> <div  class=\"col-sm-fit icon-column\"><i  class=\"fa icon color2 fa-angle-double-right bordered round small\"><\/i><\/div> <div  class=\"col-sm\" data-type=\"column\"><h5  class=\"color2\">FREITAG<\/h5> <p  class=\"\">10 Uhr bis 14 Uhr<\/p><\/div> <\/div><\/div> <div  class=\"col-sm-6 col-md-4 \"><div  class=\"row space-bottom\"> <div  class=\"col-sm-fit icon-column\"><i  class=\"fa icon color2 fa-angle-double-right bordered round small\"><\/i><\/div> <div  class=\"col-sm\" data-type=\"column\"><h5  class=\"color2\">TERMINE IM B\u00dcRO NUR NACH VORHERIGER TELEFONISCHER ABSPRACHE, gern auch au\u00dferhalb der \u00d6ffnungszeiten.<\/h5> <\/div> <\/div><\/div>  <\/div><\/div> <\/div><div  data-label=\"Features\" data-id=\"features--1\" data-export-id=\"features-16\" data-category=\"features\" class=\"features-16 content-section content-section-spacing\" id=\"features-4\" style=\"background-color: rgb(245, 250, 253);\"><div  class=\"gridContainer\"> <div  class=\"row text-center\"><div  class=\"section-title-col\" data-type=\"column\"> <h2  class=\"\">Unser Angebot<\/h2> <\/div> <\/div> <div  class=\"row spaced-cols\" data-type=\"row\"> <div  class=\"col-xs-12 col-sm-6 col-md-4 space-bottom\"> <a  data-cp-link=\"1\" href=\"#\" target=\"_self\" rel=\"noopener\"><img decoding=\"async\"  class=\"face\" src=\"https:\/\/borngraeber.com\/wp-content\/uploads\/2019\/11\/index-1_photo5.jpg\" alt=\"\" title=\"index-2_img01\"><\/a> <div  data-type=\"column\" class=\"col-padding-small col-padding-small-xs description-container\"> <h4  class=\"font-500\">Photovoltaik<\/h4> <p  class=\"\">Vom Hausbesitzer zum Kraftwerksbetreiber<br ><br >Wenn Sie vom t\u00e4glichen Sonnenlicht profitieren wollen, ist Photovoltaik das Richtige f\u00fcr Sie.\n<\/p> <a  class=\"read-more\" href=\"https:\/\/borngraeber.com\/index.php\/photovoltaik\" target=\"_self\" data-cp-link=\"1\" rel=\"noopener noreferrer\">mehr<\/a><\/div> <\/div> <div  class=\"col-xs-12 col-sm-6 col-md-4 space-bottom\"> <img decoding=\"async\"  class=\"face\" src=\"https:\/\/borngraeber.com\/wp-content\/uploads\/2019\/11\/index-2_img02.jpg\" alt=\"Solarthermie\" title=\"Solarthermie_1\"> <div  data-type=\"column\" class=\"col-padding-small col-padding-small-xs description-container\"> <h4  class=\"font-500\">Solarthermie<\/h4> <p  class=\"\">W\u00e4rme f\u00fcr Wasser und Heizung<br ><br >Mit Hilfe von Solarthermie kann Sonnenenergie zur Wassererw\u00e4rmung und zur Unterst\u00fctzung der Heizung genutzt werden.\n<\/p> <a  class=\"read-more\" href=\"https:\/\/borngraeber.com\/index.php\/solarthermie\" target=\"_self\" data-cp-link=\"1\" rel=\"noopener noreferrer\">mehr<\/a><\/div> <\/div> <div  class=\"col-xs-12 col-sm-6 col-md-4 space-bottom\"> <img decoding=\"async\"  class=\"face\" src=\"https:\/\/borngraeber.com\/wp-content\/uploads\/2021\/07\/index-2_img03.jpg\" alt=\"w\u00e4rmepumpe\" title=\"W\u00e4rmepumpe_1\"> <div  data-type=\"column\" class=\"col-padding-small col-padding-small-xs description-container\"> <h4  class=\"font-500\">W\u00e4rmepumpen<\/h4> <p  class=\"\">Mollige W\u00e4rme f\u00fcr k\u00fchle Rechner<br ><br >Nutzen Sie die gespeicherte Sonnenw\u00e4rme als Energietr\u00e4ger f\u00fcr Ihre Heizung und sparen Sie bis zu 50% Betriebskosten gegen\u00fcber Gas- oder \u00d6lheizungen. <\/p> <a  class=\"read-more\" href=\"https:\/\/borngraeber.com\/index.php\/waermepumpen\" target=\"_self\" data-cp-link=\"1\" rel=\"noopener noreferrer\">mehr<\/a><\/div> <\/div><div  class=\"col-xs-12 col-sm-6 col-md-4 space-bottom\"> <img decoding=\"async\"  class=\"face\" src=\"https:\/\/borngraeber.com\/wp-content\/uploads\/2019\/11\/index-2_img08.jpg\" alt=\"Batteriespeicher\" title=\"Batteriespeicher\"> <div  data-type=\"column\" class=\"col-padding-small col-padding-small-xs description-container\"> <h4  class=\"font-500\">Batteriespeicher<\/h4> <p  class=\"\">Solarstrom, wann Sie ihn brauchen<br ><br >Mit einem Batteriespeicher k\u00f6nnen Sie den tags\u00fcber nicht genutzten Solarstrom dann nutzen, wenn Sie ihn wirklich brauchen. Ein System, das sich refinanziert, unabh\u00e4ngig vom Energieversorger ist und das Klima schont. <\/p> <a  class=\"read-more\" href=\"https:\/\/borngraeber.com\/index.php\/batterien\" target=\"_self\" data-cp-link=\"1\" rel=\"noopener noreferrer\">mehr<\/a><\/div> <\/div><div  class=\"col-xs-12 col-sm-6 col-md-4 space-bottom\"> <img decoding=\"async\"  class=\"face\" src=\"https:\/\/borngraeber.com\/wp-content\/uploads\/2019\/11\/index-2_img05.jpg\" alt=\"Bad und Sanit\u00e4r\" title=\"Bad und Sanit\u00e4r\"> <div  data-type=\"column\" class=\"col-padding-small col-padding-small-xs description-container\"> <h4  class=\"font-500\">B\u00e4der &amp; Sanit\u00e4r<\/h4> <p  class=\"\">Design und Funktionalit\u00e4t<br ><br >Wir bieten Ihnen professionelle Installationen f\u00fcr dauerhaft einwandfreies Trinkwasser und modernste Qualit\u00e4t Ihres Bades bis ins kleinste Detail. \n<\/p> <a  class=\"read-more\" href=\"https:\/\/borngraeber.com\/index.php\/baeder-sanitaer\" target=\"_self\" data-cp-link=\"1\" rel=\"noopener noreferrer\">mehr<\/a><\/div> <\/div><div  class=\"col-xs-12 col-sm-6 col-md-4 space-bottom\"> <img decoding=\"async\"  class=\"face\" src=\"https:\/\/borngraeber.com\/wp-content\/uploads\/2019\/11\/index-1_klima2.jpg\" alt=\"Klimaanlage\" title=\"Klimaanlage\"> <div  data-type=\"column\" class=\"col-padding-small col-padding-small-xs description-container\"> <h4  class=\"font-500\">Klimatisierung<\/h4> <p  class=\"\">K\u00fchlung ist kein Luxus<br ><br >Auch bei der K\u00fchlung legen wir besonderen Wert auf Nachhaltigkeit und geringe Betriebskosten. Wir erkl\u00e4ren Ihnen wie es funktioniert und welches System f\u00fcr Sie das richtige ist. <\/p> <a  class=\"read-more\" href=\"https:\/\/borngraeber.com\/index.php\/klima\" target=\"_self\" data-cp-link=\"1\" rel=\"noopener noreferrer\">mehr<\/a><\/div> <\/div><div  class=\"col-xs-12 col-sm-6 col-md-4 space-bottom\"> <img decoding=\"async\"  class=\"face\" src=\"https:\/\/borngraeber.com\/wp-content\/uploads\/2019\/11\/index-2_img04a.jpg\" alt=\"L\u00fcftung\" title=\"L\u00fcftung\"> <div  data-type=\"column\" class=\"col-padding-small col-padding-small-xs description-container\"> <h4  class=\"font-500\">L\u00fcftung<\/h4> <p  class=\"\">Das Geheimnis sauberer Luft<br ><br >Mit gut geplanten L\u00fcftungs- und W\u00e4rmer\u00fcckgewinnungsanlagen erreichen Sie ein gesundes Raumklima und deutlich geringere Heizkosten. Eine Investition in eine gute L\u00fcftungsanlage ist eine Investition in Lebensqualit\u00e4t. <\/p> <a  class=\"read-more\" href=\"https:\/\/borngraeber.com\/index.php\/lueftung\" target=\"_self\" data-cp-link=\"1\" rel=\"noopener noreferrer\">mehr<\/a><\/div> <\/div><div  class=\"col-xs-12 col-sm-6 col-md-4 space-bottom\"> <img decoding=\"async\"  class=\"face\" src=\"https:\/\/borngraeber.com\/wp-content\/uploads\/2019\/11\/index-2_img06.jpg\" alt=\"\" title=\"index-2_img06\"> <div  data-type=\"column\" class=\"col-padding-small col-padding-small-xs description-container\"> <h4  class=\"font-500\">Andere Heizsysteme<\/h4> <p  class=\"\">\u00dcber Holzkessel zu \u00d6l- und Gasheizungen und Blockheizkraftwerken<br ><br >Sie m\u00f6chten mit herk\u00f6mmlichen Heizsystemen, wie Holz, \u00d6l oder Gas heizen? Sprechen Sie uns an!\n<br ><br >\n<\/p> <a  class=\"read-more\" href=\"https:\/\/borngraeber.com\/index.php\/andere-heizsysteme\" target=\"_self\" data-cp-link=\"1\" rel=\"noopener noreferrer\">mehr<\/a><\/div> <\/div><div  class=\"col-xs-12 col-sm-6 col-md-4 space-bottom\"> <img decoding=\"async\"  class=\"face\" src=\"https:\/\/borngraeber.com\/wp-content\/uploads\/2023\/10\/cropped-1000028090-scaled-1.jpg\" alt=\"Wartung\" title=\"Wartung_2\"> <div  data-type=\"column\" class=\"col-padding-small col-padding-small-xs description-container\"> <h4  class=\"font-500\">Wartungsservice<\/h4> <p  class=\"\">Wir warten Ihr Heizungssystem<br ><br >Ob Photovoltaik, Solarthermie oder W\u00e4rmepumpen \u2013 hier sind wir Ihr Ansprechpartner zur Wartung Ihrer Anlage. Mit \u00fcber 600 Gas- und \u00d6lheizungen in unserem Wartungsbereich sind wir Ihr Partner f\u00fcr herk\u00f6mmliche Heizsysteme. <\/p> <a  class=\"read-more\" href=\"https:\/\/borngraeber.com\/index.php\/wartungsservice\" target=\"_self\" data-cp-link=\"1\" rel=\"noopener noreferrer\">mehr<\/a><\/div> <\/div><\/div> <\/div><\/div><div  data-label=\"Content\" data-id=\"content--2\" data-export-id=\"content-2\" data-category=\"content\" class=\"content-2 content-section content-section-spacing\" id=\"content-15\" style=\"background-color: rgb(245, 250, 253);\"><div > <div  class=\"row middle-xs\"><div  class=\"col-sm-5 bg-image shadow-large-black\" data-bg=\"image\" style=\"background-image: url(&quot;https:\/\/borngraeber.com\/wp-content\/uploads\/2024\/04\/cropped-IMG_3250.jpg&quot;);\"><\/div> <div  class=\"col-sm-7 full-col-left-padding full-col-right-padding\"> <div  class=\"row\"> <div  data-type=\"column\" class=\"space-bottom-small content-title-col\"> <h5  class=\"\">NEUIGKEITEN<\/h5> <h2  class=\"\">W\u00e4rmepumpen-F\u00f6rderung 2025 der KfW<\/h2> <p  class=\"\">Der Zuschuss der KfW f\u00fcr einen Heizungstausch setzt sich aus einer einheitlichen Basisf\u00f6rderung in H\u00f6he von 30 Prozent und gegebenen\u00adfalls einer oder mehreren Bonusf\u00f6rderungen zusammen. Insgesamt kann die Zuschussf\u00f6rderung f\u00fcr den Heizungstausch in Wohngeb\u00e4uden, die Eigent\u00fcmerinnen und Eigent\u00fcmer selbst bewohnen, bis zu 70 Prozent betragen.\n<br >Die KfW ber\u00fccksichtigt Investitionskosten bis zu 30.000 Euro. <\/p><a  class=\"link\" href=\"https:\/\/www.kfw.de\/inlandsfoerderung\/Heizungsf%C3%B6rderung\" target=\"_blank\" data-cp-link=\"1\" rel=\"noopener\"><\/a><a  class=\"link\" href=\"https:\/\/www.kfw.de\/inlandsfoerderung\/Heizungsf%C3%B6rderung\" target=\"_blank\" data-cp-link=\"1\" rel=\"noopener\">https:\/\/www.kfw.de\/inlandsfoerderung\/Heizungsf%C3%B6rderung\/<\/a><\/div> <\/div> <div  class=\"row spaced-cols \" data-type=\"row\">   <div  class=\"col-xs-6 col-md-12\" data-type=\"column\"> <\/div>  <\/div><\/div> <\/div><\/div> <\/div><div  data-label=\"Contact\" data-id=\"contact--1\" data-export-id=\"contact-1\" data-category=\"contact\" class=\"contact-1 content-section content-section-spacing white-text\" data-parallax-depth=\"20\" id=\"contact-1\" style=\"background-color: rgb(255, 255, 255); background-size: cover; background-position: center top; background-image: url(&quot;https:\/\/borngraeber.com\/wp-content\/uploads\/2019\/11\/kleinIMG_4041.jpg&quot;);\"><div  class=\"gridContainer\"> <div  class=\"row text-center\"><div  class=\"section-title-col\" data-type=\"column\"> <h2  class=\"\">Kontaktieren Sie uns<\/h2> <\/div> <\/div> <div  class=\"row text-center\"> <div  class=\"col-xs-12 col-sm-8 col-sm-offset-2 contact-form-wrapper inline-info\"> <div  class=\"card large-padding\"> <div  class=\"\" data-content-shortcode=\"mesmerize_contact_form shortcode=&quot;wpforms id=&amp;amp;quot;465&amp;amp;quot;&quot;\" data-editable=\"true\"><div class=\"wpforms-container wpforms-container-full\" id=\"wpforms-465\"><form id=\"wpforms-form-465\" class=\"wpforms-validate wpforms-form wpforms-ajax-form\" data-formid=\"465\" method=\"post\" enctype=\"multipart\/form-data\" action=\"\/index.php\/wp-json\/wp\/v2\/pages\/65\" data-token=\"7ade310ec0ba43b1a7f453bcae185591\" data-token-time=\"1776847872\"><noscript class=\"wpforms-error-noscript\">Bitte aktiviere JavaScript in deinem Browser, um dieses Formular fertigzustellen.<\/noscript><div class=\"wpforms-field-container\"><div id=\"wpforms-465-field_0-container\" class=\"wpforms-field wpforms-field-name\" data-field-id=\"0\"><label class=\"wpforms-field-label\">Name <span class=\"wpforms-required-label\">*<\/span><\/label><div class=\"wpforms-field-row wpforms-field-medium\"><div class=\"wpforms-field-row-block wpforms-first wpforms-one-half\"><input type=\"text\" id=\"wpforms-465-field_0\" class=\"wpforms-field-name-first wpforms-field-required\" name=\"wpforms[fields][0][first]\" required><label for=\"wpforms-465-field_0\" class=\"wpforms-field-sublabel after\">Vorname<\/label><\/div><div class=\"wpforms-field-row-block wpforms-one-half\"><input type=\"text\" id=\"wpforms-465-field_0-last\" class=\"wpforms-field-name-last wpforms-field-required\" name=\"wpforms[fields][0][last]\" required><label for=\"wpforms-465-field_0-last\" class=\"wpforms-field-sublabel after\">Nachname<\/label><\/div><\/div><\/div><div id=\"wpforms-465-field_1-container\" class=\"wpforms-field wpforms-field-email\" data-field-id=\"1\"><label class=\"wpforms-field-label\" for=\"wpforms-465-field_1\">Email <span class=\"wpforms-required-label\">*<\/span><\/label><input type=\"email\" id=\"wpforms-465-field_1\" class=\"wpforms-field-medium wpforms-field-required\" name=\"wpforms[fields][1]\" spellcheck=\"false\" required><\/div><div id=\"wpforms-465-field_4-container\" class=\"wpforms-field wpforms-field-text\" data-field-id=\"4\"><label class=\"wpforms-field-label\" for=\"wpforms-465-field_4\">Ihre Telefonnummer <span class=\"wpforms-required-label\">*<\/span><\/label><input type=\"text\" id=\"wpforms-465-field_4\" class=\"wpforms-field-medium wpforms-field-required\" name=\"wpforms[fields][4]\" required><\/div><div id=\"wpforms-465-field_3-container\" class=\"wpforms-field wpforms-field-text\" data-field-id=\"3\"><label class=\"wpforms-field-label\" for=\"wpforms-465-field_3\">Ihre Adresse <span class=\"wpforms-required-label\">*<\/span><\/label><input type=\"text\" id=\"wpforms-465-field_3\" class=\"wpforms-field-medium wpforms-field-required\" name=\"wpforms[fields][3]\" placeholder=\"(wichtig bei Anfragen zu PV-Anlagen)\" required><\/div><div id=\"wpforms-465-field_2-container\" class=\"wpforms-field wpforms-field-textarea\" data-field-id=\"2\"><label class=\"wpforms-field-label\" for=\"wpforms-465-field_2\">Ihre Nachricht <span class=\"wpforms-required-label\">*<\/span><\/label><textarea id=\"wpforms-465-field_2\" class=\"wpforms-field-medium wpforms-field-required\" name=\"wpforms[fields][2]\" required><\/textarea><\/div><div id=\"wpforms-465-field_5-container\" class=\"wpforms-field wpforms-field-checkbox\" data-field-id=\"5\"><label class=\"wpforms-field-label\">Ich bin einverstanden mit der Weitergabe meiner Daten an den Empf\u00e4nger der Kontaktanfrage. <span class=\"wpforms-required-label\">*<\/span><\/label><ul id=\"wpforms-465-field_5\" class=\"wpforms-field-required\"><li class=\"choice-1 depth-1\"><input type=\"checkbox\" id=\"wpforms-465-field_5_1\" name=\"wpforms[fields][5][]\" value=\"Ich bin einverstanden.\" required ><label class=\"wpforms-field-label-inline\" for=\"wpforms-465-field_5_1\">Ich bin einverstanden.<\/label><\/li><\/ul><\/div><\/div><!-- .wpforms-field-container --><div class=\"wpforms-recaptcha-container wpforms-is-recaptcha wpforms-is-recaptcha-type-v3\" ><input type=\"hidden\" name=\"wpforms[recaptcha]\" value=\"\"><\/div><div class=\"wpforms-submit-container\" ><input type=\"hidden\" name=\"wpforms[id]\" value=\"465\"><input type=\"hidden\" name=\"page_title\" value=\"\"><input type=\"hidden\" name=\"page_url\" value=\"https:\/\/borngraeber.com\/index.php\/wp-json\/wp\/v2\/pages\/65\"><input type=\"hidden\" name=\"url_referer\" value=\"\"><button type=\"submit\" name=\"wpforms[submit]\" id=\"wpforms-submit-465\" class=\"wpforms-submit\" data-alt-text=\"Versende...\" data-submit-text=\"Absenden\" aria-live=\"assertive\" value=\"wpforms-submit\">Absenden<\/button><img loading=\"lazy\" decoding=\"async\" src=\"https:\/\/borngraeber.com\/wp-content\/plugins\/wpforms-lite\/assets\/images\/submit-spin.svg\" class=\"wpforms-submit-spinner\" style=\"display: none;\" width=\"26\" height=\"26\" alt=\"Wird geladen\"><\/div><\/form><\/div>  <!-- .wpforms-container --><\/div><\/div> <\/div><\/div> <\/div><\/div>","protected":false},"excerpt":{"rendered":"<p>Hallo. Sch\u00f6n, dass Sie da sind! Bei der Borngr\u00e4ber Solartechnik &amp; W\u00e4rmepumpen GmbH in Cottbus finden Sie alles, was modernes und umweltfreundliches Heizen und K\u00fchlen bedeutet. Von der kompakten Wohlf\u00fchlanlage f\u00fcr das Eigenheim, Solaranlagen an Schulen bis hin zu modernen B\u00e4dern. Wir begleiten Sie von der ersten Planung \u00fcber das Beantragen des F\u00f6rderantrages bis hin&hellip; <br \/> <a class=\"read-more\" href=\"https:\/\/borngraeber.com\/\">Weiterlesen<\/a><\/p>\n","protected":false},"author":1,"featured_media":93,"parent":0,"menu_order":0,"comment_status":"closed","ping_status":"closed","template":"page-templates\/homepage.php","meta":{"om_disable_all_campaigns":false,"_monsterinsights_skip_tracking":false,"_monsterinsights_sitenote_active":false,"_monsterinsights_sitenote_note":"","_monsterinsights_sitenote_category":0,"_uf_show_specific_survey":0,"_uf_disable_surveys":false,"footnotes":""},"class_list":["post-65","page","type-page","status-publish","has-post-thumbnail","hentry"],"aioseo_notices":[],"_links":{"self":[{"href":"https:\/\/borngraeber.com\/index.php\/wp-json\/wp\/v2\/pages\/65","targetHints":{"allow":["GET"]}}],"collection":[{"href":"https:\/\/borngraeber.com\/index.php\/wp-json\/wp\/v2\/pages"}],"about":[{"href":"https:\/\/borngraeber.com\/index.php\/wp-json\/wp\/v2\/types\/page"}],"author":[{"embeddable":true,"href":"https:\/\/borngraeber.com\/index.php\/wp-json\/wp\/v2\/users\/1"}],"replies":[{"embeddable":true,"href":"https:\/\/borngraeber.com\/index.php\/wp-json\/wp\/v2\/comments?post=65"}],"version-history":[{"count":51,"href":"https:\/\/borngraeber.com\/index.php\/wp-json\/wp\/v2\/pages\/65\/revisions"}],"predecessor-version":[{"id":669,"href":"https:\/\/borngraeber.com\/index.php\/wp-json\/wp\/v2\/pages\/65\/revisions\/669"}],"wp:featuredmedia":[{"embeddable":true,"href":"https:\/\/borngraeber.com\/index.php\/wp-json\/wp\/v2\/media\/93"}],"wp:attachment":[{"href":"https:\/\/borngraeber.com\/index.php\/wp-json\/wp\/v2\/media?parent=65"}],"curies":[{"name":"wp","href":"https:\/\/api.w.org\/{rel}","templated":true}]}}