{"id":234,"date":"2019-11-27T16:37:10","date_gmt":"2019-11-27T16:37:10","guid":{"rendered":"https:\/\/borngraeber.com\/?page_id=234"},"modified":"2024-03-18T07:52:37","modified_gmt":"2024-03-18T07:52:37","slug":"baeder-sanitaer","status":"publish","type":"page","link":"https:\/\/borngraeber.com\/index.php\/baeder-sanitaer\/","title":{"rendered":"B\u00e4der &#038; Sanit\u00e4r"},"content":{"rendered":"<p><audio class=\"audio-for-speech\"><\/audio><\/p>\r\n<div class=\"translate-tooltip-mtz translator-hidden\">\r\n<div class=\"header\">\r\n<div class=\"header-controls\">Translator<\/div>\r\n<div class=\"header-controls\">\u00a0<\/div>\r\n<div class=\"header-controls\">\u00a0<\/div>\r\n<\/div>\r\n<div class=\"translated-text\">\r\n<div class=\"words\">\u00a0<\/div>\r\n<div class=\"sentences\">\u00a0<\/div>\r\n<\/div>\r\n<\/div>\r\n<p>&nbsp;<\/p>\r\n\r\n<div class=\"wp-block-columns is-layout-flex wp-container-core-columns-is-layout-9d6595d7 wp-block-columns-is-layout-flex\">\r\n<div class=\"wp-block-column is-layout-flow wp-block-column-is-layout-flow\" style=\"flex-basis: 66.66%;\">\r\n<h2 class=\"wp-block-heading\">B\u00e4der &amp; Sanit\u00e4r<\/h2>\r\n\r\n\r\n\r\n<h3 class=\"wp-block-heading\">Modern oder klassisch &#8211; Design und Funktionalit\u00e4t<\/h3>\r\n\r\n\r\n\r\n<p>&nbsp;<\/p>\r\n\r\n\r\n\r\n<p>Professionelle Installationen sichern dauerhaft einwandfreies Trinkwasser. Wir planen und realisieren Qualit\u00e4t bis ins kleinste Detail. <br \/><br \/>Ob im Stil der vergangenen Jahre oder im modernen Look mit klaren Linien &#8211; wir realisieren unter anderem M\u00f6bel mit LED Beleuchtung, Waschtische und Spiegelschr\u00e4nke mit energiesparender und umweltfreundlicher Beleuchtung. Sprechen Sie uns an!<\/p>\r\n\r\n\r\n\r\n<h3 class=\"wp-block-heading\">Trinkwasseraufbereitung<\/h3>\r\n\r\n\r\n\r\n<p>Trinkwasser ist Lebensmittel Nr. 1<br \/>Deshalb liefert Ihnen Ihr Wasserversorgungsunternehmen reinstes gesundes Trinkwasser h\u00f6chster Qualit\u00e4t. Damit diese Qualit\u00e4t auch bis in Ihren Zahnputzbecher erhalten bleibt installieren und warten wir Ihre Trinkwasserinstallation entsprechend der hohen Anforderungen der Trinkwasserverordnung und technischer Normen.<br \/>Sie k\u00f6nnen jedoch mehr tun.<br \/>Wir bieten Ihnen viele M\u00f6glichkeiten Ihr Trinkwasser aufzuwerten.<br \/>Mit einer modernen Weichwasseranlage k\u00f6nnen Sie nicht nur l\u00e4stige Kalkr\u00fcckst\u00e4nde an Armaturen und Dusch-Glasw\u00e4nden verhindern. Seidenweiches Perlwasser ist nicht nur das Sch\u00f6nheitsgeheimnis zarter Haut, sondern auch das Geschmacksgeheimnis eines guten Kaffees. <br \/><br \/>Auch hier gilt es die richtige L\u00f6sung zu finden, den Kompromiss zwischen Komfort und Wirtschaftlichkeit. Wir beraten Sie gern und empfehlen Ihnen das f\u00fcr Sie beste Produkt.<\/p>\r\n\r\n\r\n\r\n<p>&nbsp;<\/p>\r\n<\/div>\r\n\r\n\r\n\r\n<div class=\"wp-block-column is-layout-flow wp-block-column-is-layout-flow\" style=\"flex-basis: 33.33%;\">\r\n<figure class=\"wp-block-image size-large\"><img loading=\"lazy\" decoding=\"async\" width=\"470\" height=\"627\" class=\"wp-image-235\" src=\"https:\/\/borngraeber.com\/wp-content\/uploads\/2019\/11\/index-1_bad.jpg\" alt=\"\" srcset=\"https:\/\/borngraeber.com\/wp-content\/uploads\/2019\/11\/index-1_bad.jpg 470w, https:\/\/borngraeber.com\/wp-content\/uploads\/2019\/11\/index-1_bad-225x300.jpg 225w\" sizes=\"auto, (max-width: 470px) 100vw, 470px\" \/><\/figure>\r\n<\/div>\r\n<\/div>\r\n\r\n\r\n\r\n<div class=\"wp-block-spacer\" style=\"height: 70px;\" aria-hidden=\"true\">\u00a0<\/div>\r\n\r\n\r\n\r\n<h3 class=\"wp-block-heading\">Eine Auswahl aktueller Referenzen<\/h3>\r\n\r\n\r\n\r\n<figure class=\"wp-block-gallery columns-3 is-cropped wp-block-gallery-1 is-layout-flex wp-block-gallery-is-layout-flex\">\r\n<ul class=\"blocks-gallery-grid\">\r\n<li class=\"blocks-gallery-item\">\r\n<figure><img loading=\"lazy\" decoding=\"async\" width=\"370\" height=\"256\" class=\"wp-image-236\" src=\"https:\/\/borngraeber.com\/wp-content\/uploads\/2019\/11\/index-1_bad1.jpg\" alt=\"\" data-id=\"236\" data-full-url=\"https:\/\/borngraeber.com\/wp-content\/uploads\/2019\/11\/index-1_bad1.jpg\" data-link=\"https:\/\/borngraeber.com\/?attachment_id=236\" srcset=\"https:\/\/borngraeber.com\/wp-content\/uploads\/2019\/11\/index-1_bad1.jpg 370w, https:\/\/borngraeber.com\/wp-content\/uploads\/2019\/11\/index-1_bad1-300x208.jpg 300w\" sizes=\"auto, (max-width: 370px) 100vw, 370px\" \/><\/figure>\r\n<\/li>\r\n<li class=\"blocks-gallery-item\">\r\n<figure><img loading=\"lazy\" decoding=\"async\" width=\"370\" height=\"256\" class=\"wp-image-237\" src=\"https:\/\/borngraeber.com\/wp-content\/uploads\/2019\/11\/index-1_bad2.jpg\" alt=\"\" data-id=\"237\" data-full-url=\"https:\/\/borngraeber.com\/wp-content\/uploads\/2019\/11\/index-1_bad2.jpg\" data-link=\"https:\/\/borngraeber.com\/?attachment_id=237\" srcset=\"https:\/\/borngraeber.com\/wp-content\/uploads\/2019\/11\/index-1_bad2.jpg 370w, https:\/\/borngraeber.com\/wp-content\/uploads\/2019\/11\/index-1_bad2-300x208.jpg 300w\" sizes=\"auto, (max-width: 370px) 100vw, 370px\" \/><\/figure>\r\n<\/li>\r\n<li class=\"blocks-gallery-item\">\r\n<figure><img loading=\"lazy\" decoding=\"async\" width=\"370\" height=\"256\" class=\"wp-image-238\" src=\"https:\/\/borngraeber.com\/wp-content\/uploads\/2019\/11\/index-1_bad3.jpg\" alt=\"\" data-id=\"238\" data-full-url=\"https:\/\/borngraeber.com\/wp-content\/uploads\/2019\/11\/index-1_bad3.jpg\" data-link=\"https:\/\/borngraeber.com\/?attachment_id=238\" srcset=\"https:\/\/borngraeber.com\/wp-content\/uploads\/2019\/11\/index-1_bad3.jpg 370w, https:\/\/borngraeber.com\/wp-content\/uploads\/2019\/11\/index-1_bad3-300x208.jpg 300w\" sizes=\"auto, (max-width: 370px) 100vw, 370px\" \/><\/figure>\r\n<\/li>\r\n<li class=\"blocks-gallery-item\">\r\n<figure><img loading=\"lazy\" decoding=\"async\" width=\"370\" height=\"256\" class=\"wp-image-239\" src=\"https:\/\/borngraeber.com\/wp-content\/uploads\/2019\/11\/index-1_bad4.jpg\" alt=\"\" data-id=\"239\" data-full-url=\"https:\/\/borngraeber.com\/wp-content\/uploads\/2019\/11\/index-1_bad4.jpg\" data-link=\"https:\/\/borngraeber.com\/?attachment_id=239\" srcset=\"https:\/\/borngraeber.com\/wp-content\/uploads\/2019\/11\/index-1_bad4.jpg 370w, https:\/\/borngraeber.com\/wp-content\/uploads\/2019\/11\/index-1_bad4-300x208.jpg 300w\" sizes=\"auto, (max-width: 370px) 100vw, 370px\" \/><\/figure>\r\n<\/li>\r\n<li class=\"blocks-gallery-item\">\r\n<figure><img loading=\"lazy\" decoding=\"async\" width=\"370\" height=\"256\" class=\"wp-image-240\" src=\"https:\/\/borngraeber.com\/wp-content\/uploads\/2019\/11\/index-1_bad5.jpg\" alt=\"\" data-id=\"240\" data-full-url=\"https:\/\/borngraeber.com\/wp-content\/uploads\/2019\/11\/index-1_bad5.jpg\" data-link=\"https:\/\/borngraeber.com\/?attachment_id=240\" srcset=\"https:\/\/borngraeber.com\/wp-content\/uploads\/2019\/11\/index-1_bad5.jpg 370w, https:\/\/borngraeber.com\/wp-content\/uploads\/2019\/11\/index-1_bad5-300x208.jpg 300w\" sizes=\"auto, (max-width: 370px) 100vw, 370px\" \/><\/figure>\r\n<\/li>\r\n<li class=\"blocks-gallery-item\">\r\n<figure><img loading=\"lazy\" decoding=\"async\" width=\"370\" height=\"256\" class=\"wp-image-241\" src=\"https:\/\/borngraeber.com\/wp-content\/uploads\/2019\/11\/index-1_bad6.jpg\" alt=\"\" data-id=\"241\" data-full-url=\"https:\/\/borngraeber.com\/wp-content\/uploads\/2019\/11\/index-1_bad6.jpg\" data-link=\"https:\/\/borngraeber.com\/?attachment_id=241\" srcset=\"https:\/\/borngraeber.com\/wp-content\/uploads\/2019\/11\/index-1_bad6.jpg 370w, https:\/\/borngraeber.com\/wp-content\/uploads\/2019\/11\/index-1_bad6-300x208.jpg 300w\" sizes=\"auto, (max-width: 370px) 100vw, 370px\" \/><\/figure>\r\n<\/li>\r\n<li class=\"blocks-gallery-item\">\r\n<figure><img loading=\"lazy\" decoding=\"async\" width=\"370\" height=\"256\" class=\"wp-image-242\" src=\"https:\/\/borngraeber.com\/wp-content\/uploads\/2019\/11\/index-1_bad7.jpg\" alt=\"\" data-id=\"242\" data-full-url=\"https:\/\/borngraeber.com\/wp-content\/uploads\/2019\/11\/index-1_bad7.jpg\" data-link=\"https:\/\/borngraeber.com\/?attachment_id=242\" srcset=\"https:\/\/borngraeber.com\/wp-content\/uploads\/2019\/11\/index-1_bad7.jpg 370w, https:\/\/borngraeber.com\/wp-content\/uploads\/2019\/11\/index-1_bad7-300x208.jpg 300w\" sizes=\"auto, (max-width: 370px) 100vw, 370px\" \/><\/figure>\r\n<\/li>\r\n<li class=\"blocks-gallery-item\">\r\n<figure><img loading=\"lazy\" decoding=\"async\" width=\"370\" height=\"256\" class=\"wp-image-243\" src=\"https:\/\/borngraeber.com\/wp-content\/uploads\/2019\/11\/index-1_bad8.jpg\" alt=\"\" data-id=\"243\" data-full-url=\"https:\/\/borngraeber.com\/wp-content\/uploads\/2019\/11\/index-1_bad8.jpg\" data-link=\"https:\/\/borngraeber.com\/?attachment_id=243\" srcset=\"https:\/\/borngraeber.com\/wp-content\/uploads\/2019\/11\/index-1_bad8.jpg 370w, https:\/\/borngraeber.com\/wp-content\/uploads\/2019\/11\/index-1_bad8-300x208.jpg 300w\" sizes=\"auto, (max-width: 370px) 100vw, 370px\" \/><\/figure>\r\n<\/li>\r\n<li class=\"blocks-gallery-item\">\r\n<figure><img loading=\"lazy\" decoding=\"async\" width=\"370\" height=\"256\" class=\"wp-image-244\" src=\"https:\/\/borngraeber.com\/wp-content\/uploads\/2019\/11\/index-1_bad9.jpg\" alt=\"\" data-id=\"244\" data-full-url=\"https:\/\/borngraeber.com\/wp-content\/uploads\/2019\/11\/index-1_bad9.jpg\" data-link=\"https:\/\/borngraeber.com\/?attachment_id=244\" srcset=\"https:\/\/borngraeber.com\/wp-content\/uploads\/2019\/11\/index-1_bad9.jpg 370w, https:\/\/borngraeber.com\/wp-content\/uploads\/2019\/11\/index-1_bad9-300x208.jpg 300w\" sizes=\"auto, (max-width: 370px) 100vw, 370px\" \/><\/figure>\r\n<\/li>\r\n<li class=\"blocks-gallery-item\">\r\n<figure><img loading=\"lazy\" decoding=\"async\" width=\"370\" height=\"256\" class=\"wp-image-246\" src=\"https:\/\/borngraeber.com\/wp-content\/uploads\/2019\/11\/index-1_bad11.jpg\" alt=\"\" data-id=\"246\" data-full-url=\"https:\/\/borngraeber.com\/wp-content\/uploads\/2019\/11\/index-1_bad11.jpg\" data-link=\"https:\/\/borngraeber.com\/?attachment_id=246\" srcset=\"https:\/\/borngraeber.com\/wp-content\/uploads\/2019\/11\/index-1_bad11.jpg 370w, https:\/\/borngraeber.com\/wp-content\/uploads\/2019\/11\/index-1_bad11-300x208.jpg 300w\" sizes=\"auto, (max-width: 370px) 100vw, 370px\" \/><\/figure>\r\n<\/li>\r\n<li class=\"blocks-gallery-item\">\r\n<figure><img loading=\"lazy\" decoding=\"async\" width=\"370\" height=\"256\" class=\"wp-image-247\" src=\"https:\/\/borngraeber.com\/wp-content\/uploads\/2019\/11\/index-1_bad12.jpg\" alt=\"\" data-id=\"247\" data-full-url=\"https:\/\/borngraeber.com\/wp-content\/uploads\/2019\/11\/index-1_bad12.jpg\" data-link=\"https:\/\/borngraeber.com\/?attachment_id=247\" srcset=\"https:\/\/borngraeber.com\/wp-content\/uploads\/2019\/11\/index-1_bad12.jpg 370w, https:\/\/borngraeber.com\/wp-content\/uploads\/2019\/11\/index-1_bad12-300x208.jpg 300w\" sizes=\"auto, (max-width: 370px) 100vw, 370px\" \/><\/figure>\r\n<\/li>\r\n<li class=\"blocks-gallery-item\">\r\n<figure><img loading=\"lazy\" decoding=\"async\" width=\"370\" height=\"256\" class=\"wp-image-248\" src=\"https:\/\/borngraeber.com\/wp-content\/uploads\/2019\/11\/index-1_bad13.jpg\" alt=\"\" data-id=\"248\" data-full-url=\"https:\/\/borngraeber.com\/wp-content\/uploads\/2019\/11\/index-1_bad13.jpg\" data-link=\"https:\/\/borngraeber.com\/?attachment_id=248\" srcset=\"https:\/\/borngraeber.com\/wp-content\/uploads\/2019\/11\/index-1_bad13.jpg 370w, https:\/\/borngraeber.com\/wp-content\/uploads\/2019\/11\/index-1_bad13-300x208.jpg 300w\" sizes=\"auto, (max-width: 370px) 100vw, 370px\" \/><\/figure>\r\n<\/li>\r\n<li class=\"blocks-gallery-item\">\r\n<figure><img loading=\"lazy\" decoding=\"async\" width=\"370\" height=\"256\" class=\"wp-image-249\" src=\"https:\/\/borngraeber.com\/wp-content\/uploads\/2019\/11\/index-1_bad14.jpg\" alt=\"\" data-id=\"249\" data-full-url=\"https:\/\/borngraeber.com\/wp-content\/uploads\/2019\/11\/index-1_bad14.jpg\" data-link=\"https:\/\/borngraeber.com\/?attachment_id=249\" srcset=\"https:\/\/borngraeber.com\/wp-content\/uploads\/2019\/11\/index-1_bad14.jpg 370w, https:\/\/borngraeber.com\/wp-content\/uploads\/2019\/11\/index-1_bad14-300x208.jpg 300w\" sizes=\"auto, (max-width: 370px) 100vw, 370px\" \/><\/figure>\r\n<\/li>\r\n<li class=\"blocks-gallery-item\">\r\n<figure><img loading=\"lazy\" decoding=\"async\" width=\"370\" height=\"256\" class=\"wp-image-251\" src=\"https:\/\/borngraeber.com\/wp-content\/uploads\/2019\/11\/index-1_bad16.jpg\" alt=\"\" data-id=\"251\" data-full-url=\"https:\/\/borngraeber.com\/wp-content\/uploads\/2019\/11\/index-1_bad16.jpg\" data-link=\"https:\/\/borngraeber.com\/?attachment_id=251\" srcset=\"https:\/\/borngraeber.com\/wp-content\/uploads\/2019\/11\/index-1_bad16.jpg 370w, https:\/\/borngraeber.com\/wp-content\/uploads\/2019\/11\/index-1_bad16-300x208.jpg 300w\" sizes=\"auto, (max-width: 370px) 100vw, 370px\" \/><\/figure>\r\n<\/li>\r\n<li class=\"blocks-gallery-item\">\r\n<figure><img loading=\"lazy\" decoding=\"async\" width=\"370\" height=\"256\" class=\"wp-image-250\" src=\"https:\/\/borngraeber.com\/wp-content\/uploads\/2019\/11\/index-1_bad15.jpg\" alt=\"\" data-id=\"250\" data-full-url=\"https:\/\/borngraeber.com\/wp-content\/uploads\/2019\/11\/index-1_bad15.jpg\" data-link=\"https:\/\/borngraeber.com\/?attachment_id=250\" srcset=\"https:\/\/borngraeber.com\/wp-content\/uploads\/2019\/11\/index-1_bad15.jpg 370w, https:\/\/borngraeber.com\/wp-content\/uploads\/2019\/11\/index-1_bad15-300x208.jpg 300w\" sizes=\"auto, (max-width: 370px) 100vw, 370px\" \/><\/figure>\r\n<\/li>\r\n<li class=\"blocks-gallery-item\">\r\n<figure><img loading=\"lazy\" decoding=\"async\" width=\"370\" height=\"256\" class=\"wp-image-245\" src=\"https:\/\/borngraeber.com\/wp-content\/uploads\/2019\/11\/index-1_bad10.jpg\" alt=\"\" data-id=\"245\" data-full-url=\"https:\/\/borngraeber.com\/wp-content\/uploads\/2019\/11\/index-1_bad10.jpg\" data-link=\"https:\/\/borngraeber.com\/?attachment_id=245\" srcset=\"https:\/\/borngraeber.com\/wp-content\/uploads\/2019\/11\/index-1_bad10.jpg 370w, https:\/\/borngraeber.com\/wp-content\/uploads\/2019\/11\/index-1_bad10-300x208.jpg 300w\" sizes=\"auto, (max-width: 370px) 100vw, 370px\" \/><\/figure>\r\n<\/li>\r\n<\/ul>\r\n<\/figure>\r\n","protected":false},"excerpt":{"rendered":"<p>Translator \u00a0 \u00a0 \u00a0 \u00a0 &nbsp; B\u00e4der &amp; Sanit\u00e4r Modern oder klassisch &#8211; Design und Funktionalit\u00e4t &nbsp; Professionelle Installationen sichern dauerhaft einwandfreies Trinkwasser. Wir planen und realisieren Qualit\u00e4t bis ins kleinste Detail. Ob im Stil der vergangenen Jahre oder im modernen Look mit klaren Linien &#8211; wir realisieren unter anderem M\u00f6bel mit LED Beleuchtung, Waschtische&hellip; <br \/> <a class=\"read-more\" href=\"https:\/\/borngraeber.com\/index.php\/baeder-sanitaer\/\">Weiterlesen<\/a><\/p>\n","protected":false},"author":1,"featured_media":258,"parent":0,"menu_order":0,"comment_status":"closed","ping_status":"closed","template":"","meta":{"om_disable_all_campaigns":false,"_monsterinsights_skip_tracking":false,"_monsterinsights_sitenote_active":false,"_monsterinsights_sitenote_note":"","_monsterinsights_sitenote_category":0,"_uf_show_specific_survey":0,"_uf_disable_surveys":false,"footnotes":""},"class_list":["post-234","page","type-page","status-publish","has-post-thumbnail","hentry"],"aioseo_notices":[],"_links":{"self":[{"href":"https:\/\/borngraeber.com\/index.php\/wp-json\/wp\/v2\/pages\/234","targetHints":{"allow":["GET"]}}],"collection":[{"href":"https:\/\/borngraeber.com\/index.php\/wp-json\/wp\/v2\/pages"}],"about":[{"href":"https:\/\/borngraeber.com\/index.php\/wp-json\/wp\/v2\/types\/page"}],"author":[{"embeddable":true,"href":"https:\/\/borngraeber.com\/index.php\/wp-json\/wp\/v2\/users\/1"}],"replies":[{"embeddable":true,"href":"https:\/\/borngraeber.com\/index.php\/wp-json\/wp\/v2\/comments?post=234"}],"version-history":[{"count":2,"href":"https:\/\/borngraeber.com\/index.php\/wp-json\/wp\/v2\/pages\/234\/revisions"}],"predecessor-version":[{"id":576,"href":"https:\/\/borngraeber.com\/index.php\/wp-json\/wp\/v2\/pages\/234\/revisions\/576"}],"wp:featuredmedia":[{"embeddable":true,"href":"https:\/\/borngraeber.com\/index.php\/wp-json\/wp\/v2\/media\/258"}],"wp:attachment":[{"href":"https:\/\/borngraeber.com\/index.php\/wp-json\/wp\/v2\/media?parent=234"}],"curies":[{"name":"wp","href":"https:\/\/api.w.org\/{rel}","templated":true}]}}